{"id":4317,"date":"2024-07-11T00:25:46","date_gmt":"2024-07-11T00:25:46","guid":{"rendered":"https:\/\/rilong-mold.com\/?post_type=product&#038;p=4317"},"modified":"2024-07-29T08:20:07","modified_gmt":"2024-07-29T08:20:07","slug":"colorkey-medical-molding-silicone-keyboard-china-oem-mold-maker-tool-manufacturer-professional-customization-silicone-products","status":"publish","type":"product","link":"https:\/\/rilong-mold.com\/de\/produkt\/colorkey-medical-molding-silicone-keyboard-china-oem-mold-maker-tool-manufacturer-professional-customization-silicone-products\/","title":{"rendered":"Colorkey medizinisches Silikon-Tastaturformen China OEM Formenhersteller Werkzeughersteller Professionelle Anpassung von Silikonprodukten"},"content":{"rendered":"<h6 id=\"gspb_heading-id-gsbp-c9b95d3\" class=\"gspb_heading gspb_heading-id-gsbp-c9b95d3\">Wichtige Attribute<\/h6>\n<figure class=\"wp-block-table\">\n<table class=\"has-border-color has-cyan-bluish-gray-border-color\">\n<tbody>\n<tr>\n<td>Formgebungsmodus<\/td>\n<td><strong>Gummiform<\/strong><\/td>\n<\/tr>\n<tr>\n<td>Herkunftsland<\/td>\n<td><strong>Guangdong China<\/strong><\/td>\n<\/tr>\n<tr>\n<td>Markenname<\/td>\n<td><strong>Rilong<\/strong><\/td>\n<\/tr>\n<tr>\n<td>Modellnummer<\/td>\n<td><strong>OEM\/ODM<\/strong><\/td>\n<\/tr>\n<tr>\n<td>Produktmaterial<\/td>\n<td><strong>Silikonkautschuk<\/strong><\/td>\n<\/tr>\n<tr>\n<td>Produkt<\/td>\n<td><strong>Haushaltsprodukt<\/strong><\/td>\n<\/tr>\n<tr>\n<td>Schl\u00fcsselwort<\/td>\n<td><strong>Silikonkautschuk-Formungsservice und OEM-Montage<\/strong><\/td>\n<\/tr>\n<tr>\n<td>Formbasis<\/td>\n<td><strong>LKM, HASCO, DME oder nach Kundenwunsch<\/strong><\/td>\n<\/tr>\n<tr>\n<td>Formlebensdauer<\/td>\n<td><strong>50,000 to 1,000,000 shots<\/strong><\/td>\n<\/tr>\n<tr>\n<td>Formkern<\/td>\n<td><strong>45#, 50#, P20, H13, 718, 1.2344, 1.2738, NAK80, S136 etc<\/strong><\/td>\n<\/tr>\n<tr>\n<td>Produktionsmaterial<\/td>\n<td><strong>Silicone, Natural Rubber, NBR, NR, EPDM etc.<\/strong><\/td>\n<\/tr>\n<tr>\n<td>Formkavit\u00e4t<\/td>\n<td><strong>Einzelne oder mehrere Kavit\u00e4ten<\/strong><\/td>\n<\/tr>\n<tr>\n<td>Verpackung<\/td>\n<td><strong>Polybeutel-Verpackung oder gem\u00e4\u00df Kundenanforderung verpackt<\/strong><\/td>\n<\/tr>\n<tr>\n<td>Transport<\/td>\n<td><strong>Auf dem Seeweg oder per Luftfracht nach Kundenanforderung<\/strong><\/td>\n<\/tr>\n<tr>\n<td>Haupt-Exportl\u00e4nder<\/td>\n<td><strong>USA, Gro\u00dfbritannien, Deutschland, Schweiz, Frankreich, Italien, Australien und S\u00fcdostasien<\/strong><\/td>\n<\/tr>\n<\/tbody>\n<\/table><figcaption class=\"wp-element-caption\">Details zu anderen Attributen,\u00a0<a href=\"https:\/\/rilong-mold.com\/de\/contact-us\/\" target=\"_blank\" rel=\"noreferrer noopener\">Kontaktieren Sie uns<\/a><\/figcaption><\/figure>\n<h6 id=\"gspb_heading-id-gsbp-569bcba\" class=\"gspb_heading gspb_heading-id-gsbp-569bcba\">Lieferzeit<\/h6>\n<figure class=\"wp-block-table\">\n<table class=\"has-border-color has-cyan-bluish-gray-border-color\">\n<tbody>\n<tr>\n<td><strong>Menge (Einheiten)<\/strong><\/td>\n<td>1 \u2013 1000<\/td>\n<td>1001 \u2013 5000<\/td>\n<td>5001 \u2013 10000<\/td>\n<td>&gt; 10000<\/td>\n<\/tr>\n<tr>\n<td><strong>Lieferzeit (Tage)<\/strong><\/td>\n<td>15<\/td>\n<td>20<\/td>\n<td>30<\/td>\n<td>Zu verhandeln<\/td>\n<\/tr>\n<\/tbody>\n<\/table><figcaption class=\"wp-element-caption\">F\u00fcr weitere Informationen zur Lieferzeit,\u00a0<a href=\"https:\/\/rilong-mold.com\/de\/contact-us\/\" target=\"_blank\" rel=\"noreferrer noopener\">Kontaktieren Sie uns<\/a><\/figcaption><\/figure>\n<h6 id=\"gspb_heading-id-gsbp-551842b\" class=\"gspb_heading gspb_heading-id-gsbp-551842b\">Anpassung<\/h6>\n<figure class=\"wp-block-table\">\n<table class=\"has-border-color has-cyan-bluish-gray-border-color\">\n<tbody>\n<tr>\n<td><strong>Benutzerdefiniertes Logo<\/strong><\/td>\n<td><strong>Benutzerdefinierte Verpackung<\/strong><\/td>\n<td><strong>Grafische Anpassung<\/strong><\/td>\n<\/tr>\n<tr>\n<td>Mindestbestellung: 1<\/td>\n<td>Mindestbestellung: 1<\/td>\n<td>Mindestbestellung: 1<\/td>\n<\/tr>\n<\/tbody>\n<\/table><figcaption class=\"wp-element-caption\">For more customizatio n details, <a href=\"https:\/\/rilong-mold.com\/de\/contact-us\/\" target=\"_blank\" rel=\"noreferrer noopener\">Kontaktieren Sie uns<\/a><\/figcaption><\/figure>","protected":false},"excerpt":{"rendered":"<p>Bei RiLong bieten wir ma\u00dfgeschneiderte OEM-Gummiteile f\u00fcr elektronische Ger\u00e4te, Hausalarmsysteme, medizinische und Automobilprodukte in verschiedenen Farben und Materialien wie Silikon, NBR, NR, SR und EPDM an. Auch P+R, Silikon + Metallkuppel\/Polydome\/Schaltkreis sind verf\u00fcgbar. Wir haben viele Arten von Silikon-Tastaturen mit leitf\u00e4higen Pillen\/ Siebdruck\/ Tampondruck\/ Beschichtung\/ matter Beschichtung\/ Lasergravur\/ Tropfbeschichtung\/ Epoxidbeschichtung gem\u00e4\u00df den verschiedenen Designs und Spezifikationen der Kunden hergestellt.<\/p>","protected":false},"featured_media":4318,"template":"","meta":{"_gspb_post_css":"","kk_blocks_editor_width":"","_kiokenblocks_attr":"","_kiokenblocks_dimensions":""},"product_brand":[],"product_cat":[41],"product_tag":[],"class_list":{"0":"post-4317","1":"product","2":"type-product","3":"status-publish","4":"has-post-thumbnail","6":"product_cat-silicone-rubber","8":"first","9":"instock","10":"shipping-taxable","11":"purchasable","12":"product-type-simple"},"_links":{"self":[{"href":"https:\/\/rilong-mold.com\/de\/wp-json\/wp\/v2\/product\/4317","targetHints":{"allow":["GET"]}}],"collection":[{"href":"https:\/\/rilong-mold.com\/de\/wp-json\/wp\/v2\/product"}],"about":[{"href":"https:\/\/rilong-mold.com\/de\/wp-json\/wp\/v2\/types\/product"}],"wp:featuredmedia":[{"embeddable":true,"href":"https:\/\/rilong-mold.com\/de\/wp-json\/wp\/v2\/media\/4318"}],"wp:attachment":[{"href":"https:\/\/rilong-mold.com\/de\/wp-json\/wp\/v2\/media?parent=4317"}],"wp:term":[{"taxonomy":"product_brand","embeddable":true,"href":"https:\/\/rilong-mold.com\/de\/wp-json\/wp\/v2\/product_brand?post=4317"},{"taxonomy":"product_cat","embeddable":true,"href":"https:\/\/rilong-mold.com\/de\/wp-json\/wp\/v2\/product_cat?post=4317"},{"taxonomy":"product_tag","embeddable":true,"href":"https:\/\/rilong-mold.com\/de\/wp-json\/wp\/v2\/product_tag?post=4317"}],"curies":[{"name":"wp","href":"https:\/\/api.w.org\/{rel}","templated":true}]}}