{"id":5401,"date":"2024-07-30T08:52:26","date_gmt":"2024-07-30T08:52:26","guid":{"rendered":"https:\/\/rilong-mold.com\/?post_type=product&#038;p=5401"},"modified":"2024-07-30T08:54:55","modified_gmt":"2024-07-30T08:54:55","slug":"cnc-machining-parts-custom-precision-metal-parts-powder-coating-anodizing-corrosion-resistance-precision-engineering-solutions","status":"publish","type":"product","link":"https:\/\/rilong-mold.com\/de\/produkt\/cnc-machining-parts-custom-precision-metal-parts-powder-coating-anodizing-corrosion-resistance-precision-engineering-solutions\/","title":{"rendered":"CNC-Bearbeitungsteile, ma\u00dfgeschneiderte Pr\u00e4zisionsmetallteile, Pulverbeschichtung, Eloxierung, Korrosionsbest\u00e4ndigkeit, Pr\u00e4zisionsingenieurl\u00f6sungen"},"content":{"rendered":"<h3 id=\"key-attributes\" class=\"att-title\" data-spm-anchor-id=\"a2700.details.0.i101.3d7e4e7fuVkftO\">Wichtige Attribute<\/h3>\r\n<div class=\"attribute-info\">\r\n<h4 data-spm-anchor-id=\"a2700.details.0.i110.3d7e4e7fuVkftO\">Branchenspezifische Attribute<\/h4>\r\n\r\n<figure class=\"wp-block-table\">\r\n<table class=\"has-fixed-layout\">\r\n<tbody>\r\n<tr>\r\n<td>CNC-Bearbeitung oder nicht<\/td>\r\n<td>CNC-Bearbeitung<\/td>\r\n<\/tr>\r\n<tr>\r\n<td>Materialf\u00e4higkeiten<\/td>\r\n<td>Aluminium, Messing, Bronze, Kupfer, geh\u00e4rtete Metalle, Edelstahl<\/td>\r\n<\/tr>\r\n<\/tbody>\r\n<\/table>\r\n<\/figure>\r\n<\/div>\r\n<div class=\"attribute-info\">\r\n<h4 data-spm-anchor-id=\"a2700.details.0.i118.2c3f78e7WDUsVo\">Other attributes<\/h4>\r\n<\/div>\r\n<figure class=\"wp-block-table\">\r\n<figure class=\"wp-block-table\">\r\n<table class=\"has-fixed-layout\">\r\n<tbody>\r\n<tr>\r\n<td>Herkunftsland<\/td>\r\n<td>Guangdong, China<\/td>\r\n<\/tr>\r\n<tr>\r\n<td>Typ<\/td>\r\n<td>Rapid Prototyping<\/td>\r\n<\/tr>\r\n<tr>\r\n<td>Mikrobearbeitung oder nicht<\/td>\r\n<td>Mikrobearbeitung<\/td>\r\n<\/tr>\r\n<tr>\r\n<td>Modellnummer<\/td>\r\n<td>Prototyp<\/td>\r\n<\/tr>\r\n<tr>\r\n<td>Markenname<\/td>\r\n<td>Rilong<\/td>\r\n<\/tr>\r\n<tr>\r\n<td>Produktname<\/td>\r\n<td>Prototyp<\/td>\r\n<\/tr>\r\n<tr>\r\n<td>Material<\/td>\r\n<td>Aluminium, Messing, Bronze, Kupfer, geh\u00e4rtete Metalle<\/td>\r\n<\/tr>\r\n<tr>\r\n<td>Prozess<\/td>\r\n<td>CNC-Bearbeitung + Entgraten<\/td>\r\n<\/tr>\r\n<tr>\r\n<td>Oberfl\u00e4chenbehandlung<\/td>\r\n<td>Eloxieren, B\u00fcrsten, Verzinken, Laserngravur, Plattieren, Polieren<\/td>\r\n<\/tr>\r\n<tr>\r\n<td>Service<\/td>\r\n<td>Kundenspezifisches OEM<\/td>\r\n<\/tr>\r\n<tr>\r\n<td>Anwendung<\/td>\r\n<td>Industrielle Ausr\u00fcstung<\/td>\r\n<\/tr>\r\n<tr>\r\n<td>Ausr\u00fcstung<\/td>\r\n<td>CNC-Bearbeitungszentren<\/td>\r\n<\/tr>\r\n<tr>\r\n<td>Farbe<\/td>\r\n<td>Kundenspezifische Farbe<\/td>\r\n<\/tr>\r\n<tr>\r\n<td>Toleranz<\/td>\r\n<td>0.01mm<\/td>\r\n<\/tr>\r\n<tr>\r\n<td>Zeichnungsformat<\/td>\r\n<td>2D\/(PDF)3D(IGES\/STEP\/X-T)<\/td>\r\n<\/tr>\r\n<\/tbody>\r\n<\/table>\r\n<\/figure>\r\n<\/figure>\r\n<h4 data-spm-anchor-id=\"a2700.details.0.i118.2c3f78e7WDUsVo\">\u00a0Lieferzeit<\/h4>\r\n<figure class=\"wp-block-table\">\r\n<table class=\"has-border-color has-cyan-bluish-gray-border-color\">\r\n<tbody>\r\n<tr>\r\n<td>Menge (Einheiten)<\/td>\r\n<td>1 \u2013 1000<\/td>\r\n<td>1001 \u2013 5000<\/td>\r\n<td>5001 \u2013 10000<\/td>\r\n<td>&gt; 10000<\/td>\r\n<\/tr>\r\n<tr>\r\n<td>Lieferzeit (Tage)<\/td>\r\n<td>15<\/td>\r\n<td>20<\/td>\r\n<td>30<\/td>\r\n<td>Zu verhandeln<\/td>\r\n<\/tr>\r\n<\/tbody>\r\n<\/table>\r\n<\/figure>\r\n<h4 data-spm-anchor-id=\"a2700.details.0.i118.2c3f78e7WDUsVo\">Customizatin<\/h4>\r\n<figure class=\"wp-block-table\">\r\n<table class=\"has-border-color has-cyan-bluish-gray-border-color\">\r\n<tbody>\r\n<tr>\r\n<td>Benutzerdefiniertes Logo<\/td>\r\n<td>Benutzerdefinierte Verpackung<\/td>\r\n<td>Grafische Anpassung<\/td>\r\n<\/tr>\r\n<tr>\r\n<td>Mindestbestellung: 1<\/td>\r\n<td>Mindestbestellung: 1<\/td>\r\n<td>Mindestbestellung: 1<\/td>\r\n<\/tr>\r\n<\/tbody>\r\n<\/table>\r\n<figcaption class=\"wp-element-caption\">F\u00fcr weitere Anpassungsdetails,\u00a0<a href=\"https:\/\/rilong-mold.com\/de\/contact-us\/\" target=\"_blank\" rel=\"noreferrer noopener\">Kontaktieren Sie uns<\/a><\/figcaption>\r\n<\/figure>","protected":false},"excerpt":{"rendered":"<p><span class=\"magic-9\" data-immersive-translate-walked=\"010633f8-3a23-457e-a2be-4da1fd476368\"><b data-immersive-translate-walked=\"010633f8-3a23-457e-a2be-4da1fd476368\"><span data-immersive-translate-walked=\"010633f8-3a23-457e-a2be-4da1fd476368\">\u2714\ufe0f<strong data-spm-anchor-id=\"a2700.details.0.i131.2c3f78e7WDUsVo\">Kundenspezifische Formen und Produkte aus Ihren Designs mit einem Angebot innerhalb von 24-48 Stunden.<\/strong><\/span><\/b><\/span><span class=\"magic-11\" data-immersive-translate-walked=\"010633f8-3a23-457e-a2be-4da1fd476368\"><br \/><\/span><span class=\"magic-8\" data-immersive-translate-walked=\"010633f8-3a23-457e-a2be-4da1fd476368\"><span class=\"magic-9\" data-immersive-translate-walked=\"010633f8-3a23-457e-a2be-4da1fd476368\">\u2714\ufe0f<strong data-spm-anchor-id=\"a2700.details.0.i133.2c3f78e7WDUsVo\">30+<\/strong>\u00a0\u00dcber 30 Jahre Erfahrung in der Herstellung von Formen und Spritzguss<\/span><span class=\"magic-11\" data-immersive-translate-walked=\"010633f8-3a23-457e-a2be-4da1fd476368\" data-immersive-translate-paragraph=\"1\"><br \/><\/span><\/span><span class=\"magic-8\" data-immersive-translate-walked=\"010633f8-3a23-457e-a2be-4da1fd476368\"><span class=\"magic-9\" data-immersive-translate-walked=\"010633f8-3a23-457e-a2be-4da1fd476368\" data-immersive-translate-paragraph=\"1\">\u2714\ufe0f<strong data-spm-anchor-id=\"a2700.details.0.i135.2c3f78e7WDUsVo\">Kostenlose\u00a0<\/strong>Proben<\/span><span class=\"magic-11\" data-immersive-translate-walked=\"010633f8-3a23-457e-a2be-4da1fd476368\" data-immersive-translate-paragraph=\"1\"><span data-immersive-translate-walked=\"010633f8-3a23-457e-a2be-4da1fd476368\"><br \/><span class=\"magic-6\" data-immersive-translate-walked=\"010633f8-3a23-457e-a2be-4da1fd476368\"><span class=\"magic-9\" data-immersive-translate-walked=\"010633f8-3a23-457e-a2be-4da1fd476368\">\u2714\ufe0f<strong data-spm-anchor-id=\"a2700.details.0.i136.2c3f78e7WDUsVo\">Umfassende Dienstleistungen\u00a0<\/strong>\u2013 Spritzguss\/Gummiformung \u2013 Siebdruck \u2013 Galvanisieren usw. \u2013 Montage<\/span><\/span><br \/><\/span><\/span><\/span><\/p>\n<div data-immersive-translate-walked=\"010633f8-3a23-457e-a2be-4da1fd476368\"><span class=\"magic-8\" data-immersive-translate-walked=\"010633f8-3a23-457e-a2be-4da1fd476368\"><span class=\"magic-11\" data-immersive-translate-walked=\"010633f8-3a23-457e-a2be-4da1fd476368\"><span data-immersive-translate-walked=\"010633f8-3a23-457e-a2be-4da1fd476368\"> <strong>Wir bieten unseren Kunden eine \u201eOne-Stop-Service\u201c-L\u00f6sung von der ersten Konstruktion bis zum final montierten Produkt mit hoher Qualit\u00e4t, professioneller und finanziell bester Wahl, termingerechter Lieferung und exzellentem Service<\/strong><\/span><\/span><\/span><\/div>","protected":false},"featured_media":5402,"template":"","meta":{"_gspb_post_css":"","kk_blocks_editor_width":"","_kiokenblocks_attr":"","_kiokenblocks_dimensions":""},"product_brand":[],"product_cat":[24],"product_tag":[],"class_list":{"0":"post-5401","1":"product","2":"type-product","3":"status-publish","4":"has-post-thumbnail","6":"product_cat-cnc-3d-printing","8":"first","9":"instock","10":"shipping-taxable","11":"purchasable","12":"product-type-simple"},"_links":{"self":[{"href":"https:\/\/rilong-mold.com\/de\/wp-json\/wp\/v2\/product\/5401","targetHints":{"allow":["GET"]}}],"collection":[{"href":"https:\/\/rilong-mold.com\/de\/wp-json\/wp\/v2\/product"}],"about":[{"href":"https:\/\/rilong-mold.com\/de\/wp-json\/wp\/v2\/types\/product"}],"wp:featuredmedia":[{"embeddable":true,"href":"https:\/\/rilong-mold.com\/de\/wp-json\/wp\/v2\/media\/5402"}],"wp:attachment":[{"href":"https:\/\/rilong-mold.com\/de\/wp-json\/wp\/v2\/media?parent=5401"}],"wp:term":[{"taxonomy":"product_brand","embeddable":true,"href":"https:\/\/rilong-mold.com\/de\/wp-json\/wp\/v2\/product_brand?post=5401"},{"taxonomy":"product_cat","embeddable":true,"href":"https:\/\/rilong-mold.com\/de\/wp-json\/wp\/v2\/product_cat?post=5401"},{"taxonomy":"product_tag","embeddable":true,"href":"https:\/\/rilong-mold.com\/de\/wp-json\/wp\/v2\/product_tag?post=5401"}],"curies":[{"name":"wp","href":"https:\/\/api.w.org\/{rel}","templated":true}]}}