{"id":5562,"date":"2024-08-02T09:02:47","date_gmt":"2024-08-02T09:02:47","guid":{"rendered":"https:\/\/rilong-mold.com\/?post_type=product&#038;p=5562"},"modified":"2024-08-02T09:06:08","modified_gmt":"2024-08-02T09:06:08","slug":"custom-high-temperature-silicone-gaskets-colored-silicone-washers-rubber-vibration-dampers-silicone-compression-molding","status":"publish","type":"product","link":"https:\/\/rilong-mold.com\/de\/produkt\/custom-high-temperature-silicone-gaskets-colored-silicone-washers-rubber-vibration-dampers-silicone-compression-molding\/","title":{"rendered":"Ma\u00dfgeschneiderte Hochtemperatur-Silikondichtungen, farbige Silikonunterlegscheiben, Gummischwingungsd\u00e4mpfer, Silikonkompressionsformung"},"content":{"rendered":"<h6 id=\"gspb_heading-id-gsbp-c9b95d3\" class=\"gspb_heading gspb_heading-id-gsbp-c9b95d3\">Wichtige Attribute<\/h6>\n<figure class=\"wp-block-table\">\n<table class=\"has-border-color has-cyan-bluish-gray-border-color\">\n<tbody>\n<tr>\n<td>Formgebungsmodus<\/td>\n<td><strong>Gummiform<\/strong><\/td>\n<\/tr>\n<tr>\n<td>Herkunftsland<\/td>\n<td><strong>Guangdong China<\/strong><\/td>\n<\/tr>\n<tr>\n<td>Markenname<\/td>\n<td><strong>Rilong<\/strong><\/td>\n<\/tr>\n<tr>\n<td>Modellnummer<\/td>\n<td><strong>OEM\/ODM<\/strong><\/td>\n<\/tr>\n<tr>\n<td>Produktmaterial<\/td>\n<td><strong>Silikonkautschuk<\/strong><\/td>\n<\/tr>\n<tr>\n<td>Produkt<\/td>\n<td><strong>Haushaltsprodukt<\/strong><\/td>\n<\/tr>\n<tr>\n<td>Schl\u00fcsselwort<\/td>\n<td><strong>Silikonkautschuk-Formungsservice und OEM-Montage<\/strong><\/td>\n<\/tr>\n<tr>\n<td>Formbasis<\/td>\n<td><strong>LKM, HASCO, DME oder nach Kundenwunsch<\/strong><\/td>\n<\/tr>\n<tr>\n<td>Formlebensdauer<\/td>\n<td><strong>50,000 to 1,000,000 shots<\/strong><\/td>\n<\/tr>\n<tr>\n<td>Formkern<\/td>\n<td><strong>45#, 50#, P20, H13, 718, 1.2344, 1.2738, NAK80, S136 etc<\/strong><\/td>\n<\/tr>\n<tr>\n<td>Produktionsmaterial<\/td>\n<td><strong>Silicone, Natural Rubber, NBR, NR, EPDM etc.<\/strong><\/td>\n<\/tr>\n<tr>\n<td>Formkavit\u00e4t<\/td>\n<td><strong>Einzelne oder mehrere Kavit\u00e4ten<\/strong><\/td>\n<\/tr>\n<tr>\n<td>Verpackung<\/td>\n<td><strong>Polybeutel-Verpackung oder gem\u00e4\u00df Kundenanforderung verpackt<\/strong><\/td>\n<\/tr>\n<tr>\n<td>Transport<\/td>\n<td><strong>Auf dem Seeweg oder per Luftfracht nach Kundenanforderung<\/strong><\/td>\n<\/tr>\n<tr>\n<td>Haupt-Exportl\u00e4nder<\/td>\n<td><strong>USA, Gro\u00dfbritannien, Deutschland, Schweiz, Frankreich, Italien, Australien und S\u00fcdostasien<\/strong><\/td>\n<\/tr>\n<\/tbody>\n<\/table><figcaption class=\"wp-element-caption\">Details zu anderen Attributen,\u00a0<a href=\"https:\/\/rilong-mold.com\/de\/contact-us\/\" target=\"_blank\" rel=\"noreferrer noopener\">Kontaktieren Sie uns<\/a><\/figcaption><\/figure>","protected":false},"excerpt":{"rendered":"<p>Bei RiLong bieten wir ma\u00dfgeschneiderte OEM-Gummiteile f\u00fcr elektronische Ger\u00e4te, Hausalarmsysteme, medizinische und Automobilprodukte in verschiedenen Farben und Materialien wie Silikon, NBR, NR, SR und EPDM an. Auch P+R, Silikon + Metallkuppel\/Polydome\/Schaltkreis sind verf\u00fcgbar. Wir haben viele Arten von Silikon-Tastaturen mit leitf\u00e4higen Pillen\/ Siebdruck\/ Tampondruck\/ Beschichtung\/ matter Beschichtung\/ Lasergravur\/ Tropfbeschichtung\/ Epoxidbeschichtung gem\u00e4\u00df den verschiedenen Designs und Spezifikationen der Kunden hergestellt.<\/p>","protected":false},"featured_media":5563,"template":"","meta":{"_gspb_post_css":"","kk_blocks_editor_width":"","_kiokenblocks_attr":"","_kiokenblocks_dimensions":""},"product_brand":[],"product_cat":[41],"product_tag":[],"class_list":{"0":"post-5562","1":"product","2":"type-product","3":"status-publish","4":"has-post-thumbnail","6":"product_cat-silicone-rubber","8":"first","9":"instock","10":"shipping-taxable","11":"purchasable","12":"product-type-simple"},"_links":{"self":[{"href":"https:\/\/rilong-mold.com\/de\/wp-json\/wp\/v2\/product\/5562","targetHints":{"allow":["GET"]}}],"collection":[{"href":"https:\/\/rilong-mold.com\/de\/wp-json\/wp\/v2\/product"}],"about":[{"href":"https:\/\/rilong-mold.com\/de\/wp-json\/wp\/v2\/types\/product"}],"wp:featuredmedia":[{"embeddable":true,"href":"https:\/\/rilong-mold.com\/de\/wp-json\/wp\/v2\/media\/5563"}],"wp:attachment":[{"href":"https:\/\/rilong-mold.com\/de\/wp-json\/wp\/v2\/media?parent=5562"}],"wp:term":[{"taxonomy":"product_brand","embeddable":true,"href":"https:\/\/rilong-mold.com\/de\/wp-json\/wp\/v2\/product_brand?post=5562"},{"taxonomy":"product_cat","embeddable":true,"href":"https:\/\/rilong-mold.com\/de\/wp-json\/wp\/v2\/product_cat?post=5562"},{"taxonomy":"product_tag","embeddable":true,"href":"https:\/\/rilong-mold.com\/de\/wp-json\/wp\/v2\/product_tag?post=5562"}],"curies":[{"name":"wp","href":"https:\/\/api.w.org\/{rel}","templated":true}]}}