{"id":7029,"date":"2025-03-20T10:31:33","date_gmt":"2025-03-20T02:31:33","guid":{"rendered":"https:\/\/rilong-mold.com\/?post_type=product&#038;p=7029"},"modified":"2025-03-20T10:43:24","modified_gmt":"2025-03-20T02:43:24","slug":"oem-illuminated-translucent-silicone-rubber-keypad-molding-numeric-keypad-with-backlight","status":"publish","type":"product","link":"https:\/\/rilong-mold.com\/de\/produkt\/oem-illuminated-translucent-silicone-rubber-keypad-molding-numeric-keypad-with-backlight\/","title":{"rendered":"OEM Illuminated Translucent Silicone Rubber Keypad Molding Numeric Keypad with Backlight"},"content":{"rendered":"<h6 id=\"gspb_heading-id-gsbp-c9b95d3\" class=\"gspb_heading gspb_heading-id-gsbp-c9b95d3\">Wichtige Attribute<\/h6>\n<figure class=\"wp-block-table\">\n<table class=\"has-border-color has-cyan-bluish-gray-border-color\">\n<tbody>\n<tr>\n<td><strong>Formgebungsmodus<\/strong><\/td>\n<td>Gummiform<\/td>\n<\/tr>\n<tr>\n<td><strong>Herkunftsland<\/strong><\/td>\n<td>Guangdong China<\/td>\n<\/tr>\n<tr>\n<td><strong>Markenname<\/strong><\/td>\n<td>Rilong<\/td>\n<\/tr>\n<tr>\n<td><strong>Modellnummer<\/strong><\/td>\n<td>OEM\/ODM<\/td>\n<\/tr>\n<tr>\n<td><strong>Produktmaterial<\/strong><\/td>\n<td>Silikonkautschuk<\/td>\n<\/tr>\n<tr>\n<td><strong>Produkt<\/strong><\/td>\n<td>Haushaltsprodukt<\/td>\n<\/tr>\n<tr>\n<td><strong>Schl\u00fcsselwort<\/strong><\/td>\n<td>Silikonkautschuk-Formungsservice und OEM-Montage<\/td>\n<\/tr>\n<tr>\n<td><strong>Formbasis<\/strong><\/td>\n<td>LKM, HASCO, DME oder nach Kundenwunsch<\/td>\n<\/tr>\n<tr>\n<td><strong>Formlebensdauer<\/strong><\/td>\n<td>50,000 to 1,000,000 shots<\/td>\n<\/tr>\n<tr>\n<td><strong>Formkern<\/strong><\/td>\n<td>45#, 50#, P20, H13, 718, 1.2344, 1.2738, NAK80, S136 etc<\/td>\n<\/tr>\n<tr>\n<td><strong>Produktionsmaterial<\/strong><\/td>\n<td>Silicone, Natural Rubber, NBR, NR, EPDM etc.<\/td>\n<\/tr>\n<tr>\n<td><strong>Formkavit\u00e4t<\/strong><\/td>\n<td>Einzelne oder mehrere Kavit\u00e4ten<\/td>\n<\/tr>\n<tr>\n<td><strong>Verpackung<\/strong><\/td>\n<td>Polybeutel-Verpackung oder gem\u00e4\u00df Kundenanforderung verpackt<\/td>\n<\/tr>\n<tr>\n<td><strong>Transport<\/strong><\/td>\n<td>Auf dem Seeweg oder per Luftfracht nach Kundenanforderung<\/td>\n<\/tr>\n<tr>\n<td><strong>Haupt-Exportl\u00e4nder<\/strong><\/td>\n<td>USA, Gro\u00dfbritannien, Deutschland, Schweiz, Frankreich, Italien, Australien und S\u00fcdostasien<\/td>\n<\/tr>\n<\/tbody>\n<\/table>\n<\/figure>\n<h6 id=\"gspb_heading-id-gsbp-569bcba\" class=\"gspb_heading gspb_heading-id-gsbp-569bcba\">Lieferzeit<\/h6>\n<figure class=\"wp-block-table\">\n<table class=\"has-border-color has-cyan-bluish-gray-border-color\">\n<tbody>\n<tr>\n<td><strong>Menge (Einheiten)<\/strong><\/td>\n<td>1 \u2013 1000<\/td>\n<td>1001 \u2013 5000<\/td>\n<td>5001 \u2013 10000<\/td>\n<td>&gt; 10000<\/td>\n<\/tr>\n<tr>\n<td><strong>Lieferzeit (Tage)<\/strong><\/td>\n<td>15<\/td>\n<td>20<\/td>\n<td>30<\/td>\n<td>Zu verhandeln<\/td>\n<\/tr>\n<\/tbody>\n<\/table>\n<\/figure>\n<h6 id=\"gspb_heading-id-gsbp-551842b\" class=\"gspb_heading gspb_heading-id-gsbp-551842b\">Anpassung<\/h6>\n<figure class=\"wp-block-table\">\n<table class=\"has-border-color has-cyan-bluish-gray-border-color\">\n<tbody>\n<tr>\n<td><strong>Benutzerdefiniertes Logo<\/strong><\/td>\n<td><strong>Benutzerdefinierte Verpackung<\/strong><\/td>\n<td><strong>Grafische Anpassung<\/strong><\/td>\n<\/tr>\n<tr>\n<td>Mindestbestellung: 1<\/td>\n<td>Mindestbestellung: 1<\/td>\n<td>Mindestbestellung: 1<\/td>\n<\/tr>\n<\/tbody>\n<\/table><figcaption class=\"wp-element-caption\">F\u00fcr weitere Anpassungsdetails, <a href=\"https:\/\/rilong-mold.com\/de\/contact-us\/\" target=\"_blank\" rel=\"noreferrer noopener\">Kontaktieren Sie uns<\/a><\/figcaption><\/figure>","protected":false},"excerpt":{"rendered":"<p>Bei RiLong bieten wir ma\u00dfgeschneiderte OEM-Gummiteile f\u00fcr elektronische Ger\u00e4te, Hausalarmsysteme, medizinische und Automobilprodukte in verschiedenen Farben und Materialien wie Silikon, NBR, NR, SR und EPDM an. Auch P+R, Silikon + Metallkuppel\/Polydome\/Schaltkreis sind verf\u00fcgbar. Wir haben viele Arten von Silikon-Tastaturen mit leitf\u00e4higen Pillen\/ Siebdruck\/ Tampondruck\/ Beschichtung\/ matter Beschichtung\/ Lasergravur\/ Tropfbeschichtung\/ Epoxidbeschichtung gem\u00e4\u00df den verschiedenen Designs und Spezifikationen der Kunden hergestellt.<\/p>","protected":false},"featured_media":7030,"template":"","meta":{"_gspb_post_css":"","kk_blocks_editor_width":"","_kiokenblocks_attr":"","_kiokenblocks_dimensions":""},"product_brand":[],"product_cat":[41],"product_tag":[],"class_list":{"0":"post-7029","1":"product","2":"type-product","3":"status-publish","4":"has-post-thumbnail","6":"product_cat-silicone-rubber","8":"first","9":"instock","10":"shipping-taxable","11":"product-type-simple"},"_links":{"self":[{"href":"https:\/\/rilong-mold.com\/de\/wp-json\/wp\/v2\/product\/7029","targetHints":{"allow":["GET"]}}],"collection":[{"href":"https:\/\/rilong-mold.com\/de\/wp-json\/wp\/v2\/product"}],"about":[{"href":"https:\/\/rilong-mold.com\/de\/wp-json\/wp\/v2\/types\/product"}],"wp:featuredmedia":[{"embeddable":true,"href":"https:\/\/rilong-mold.com\/de\/wp-json\/wp\/v2\/media\/7030"}],"wp:attachment":[{"href":"https:\/\/rilong-mold.com\/de\/wp-json\/wp\/v2\/media?parent=7029"}],"wp:term":[{"taxonomy":"product_brand","embeddable":true,"href":"https:\/\/rilong-mold.com\/de\/wp-json\/wp\/v2\/product_brand?post=7029"},{"taxonomy":"product_cat","embeddable":true,"href":"https:\/\/rilong-mold.com\/de\/wp-json\/wp\/v2\/product_cat?post=7029"},{"taxonomy":"product_tag","embeddable":true,"href":"https:\/\/rilong-mold.com\/de\/wp-json\/wp\/v2\/product_tag?post=7029"}],"curies":[{"name":"wp","href":"https:\/\/api.w.org\/{rel}","templated":true}]}}