{"id":1775,"date":"2024-05-31T03:46:21","date_gmt":"2024-05-31T03:46:21","guid":{"rendered":"https:\/\/rilong-mold.com\/?post_type=product&#038;p=1775"},"modified":"2024-05-31T06:11:32","modified_gmt":"2024-05-31T06:11:32","slug":"molde-de-injecao-de-alta-qualidade-para-molde-de-plastico-abs-pc-pp-pom-tpu-tpe-pmma","status":"publish","type":"product","link":"https:\/\/rilong-mold.com\/es\/producto\/molde-de-injecao-de-alta-qualidade-para-molde-de-plastico-abs-pc-pp-pom-tpu-tpe-pmma\/","title":{"rendered":"Molde de inje\u00e7\u00e3o de alta qualidade para molde de pl\u00e1stico ABS PC PP POM TPU TPE PMMA"},"content":{"rendered":"<h6 id=\"gspb_heading-id-gsbp-982bdf9\" class=\"gspb_heading gspb_heading-id-gsbp-982bdf9\">Atributos espec\u00edficos de la industria<\/h6>\n<figure class=\"wp-block-table\">\n<table class=\"has-border-color has-cyan-bluish-gray-border-color\">\n<tbody>\n<tr>\n<td>Modo de conformado<\/td>\n<td>Molde de inyecci\u00f3n de pl\u00e1stico<\/td>\n<\/tr>\n<tr>\n<td>Lugar de origen<\/td>\n<td>Guangdong China<\/td>\n<\/tr>\n<tr>\n<td>Nombre de la marca<\/td>\n<td>Rilong<\/td>\n<\/tr>\n<tr>\n<td>N\u00famero de modelo<\/td>\n<td>OEM\/ODM<\/td>\n<\/tr>\n<tr>\n<td>Material del producto<\/td>\n<td>PC, PC+ABS, ABS, PP, PVC, POM, TPE, PEEK, TPU etc<\/td>\n<\/tr>\n<tr>\n<td>Producto<\/td>\n<td>Producto moldeado por inyecci\u00f3n<\/td>\n<\/tr>\n<tr>\n<td>Acero para moldes<\/td>\n<td>P20\/NAK80\/S136\/H13\/718H\u2026<\/td>\n<\/tr>\n<tr>\n<td>Vida \u00fatil del molde<\/td>\n<td>50k-1000k disparos<\/td>\n<\/tr>\n<tr>\n<td>Tratamiento de superficie<\/td>\n<td>Textura\/arena\/MT\/YS\/SPI<\/td>\n<\/tr>\n<tr>\n<td>Alta precisi\u00f3n<\/td>\n<td>+\/-0.01mm<\/td>\n<\/tr>\n<tr>\n<td>Corredor<\/td>\n<td>Corredor caliente y fr\u00edo<\/td>\n<\/tr>\n<tr>\n<td>Cavidad<\/td>\n<td>Cavidad simple o m\u00faltiple<\/td>\n<\/tr>\n<tr>\n<td>Certificaci\u00f3n<\/td>\n<td>ISO9001, ISO14001, IATF16949<\/td>\n<\/tr>\n<tr>\n<td>Color<\/td>\n<td>C\u00f3digo de color Pantone\/RAL\/color de muestra real<\/td>\n<\/tr>\n<tr>\n<td>Base del molde<\/td>\n<td>LKM HASCO<\/td>\n<\/tr>\n<\/tbody>\n<\/table>\n<\/figure>\n<h6 id=\"gspb_heading-id-gsbp-be6e13b\" class=\"gspb_heading gspb_heading-id-gsbp-be6e13b\">Tiempo de entrega<\/h6>\n<figure class=\"wp-block-table\">\n<table class=\"has-border-color has-cyan-bluish-gray-border-color\">\n<tbody>\n<tr>\n<td>Cantidad (unidades)<\/td>\n<td>1 \u2013 1000<\/td>\n<td>1001 \u2013 5000<\/td>\n<td>5001 \u2013 10000<\/td>\n<td>&gt; 10000<\/td>\n<\/tr>\n<tr>\n<td>Tiempo de entrega (d\u00edas)<\/td>\n<td>15<\/td>\n<td>20<\/td>\n<td>30<\/td>\n<td>A negociar<\/td>\n<\/tr>\n<\/tbody>\n<\/table>\n<\/figure>\n<h6 id=\"gspb_heading-id-gsbp-fd377ee\" class=\"gspb_heading gspb_heading-id-gsbp-fd377ee\">Personalizaci\u00f3n<\/h6>\n<figure class=\"wp-block-table\">\n<table class=\"has-border-color has-cyan-bluish-gray-border-color\">\n<tbody>\n<tr>\n<td>Logotipo personalizado<\/td>\n<td>Empaque personalizado<\/td>\n<td>Personalizaci\u00f3n gr\u00e1fica<\/td>\n<\/tr>\n<tr>\n<td>Pedido m\u00ednimo: 1<\/td>\n<td>Pedido m\u00ednimo: 1<\/td>\n<td>Pedido m\u00ednimo: 1<\/td>\n<\/tr>\n<\/tbody>\n<\/table><figcaption class=\"wp-element-caption\">Para m\u00e1s detalles de personalizaci\u00f3n,\u00a0<a href=\"https:\/\/rilong-mold.com\/es\/contact-us\/\" target=\"_blank\" rel=\"noreferrer noopener\">Cont\u00e1ctanos<\/a><\/figcaption><\/figure>","protected":false},"excerpt":{"rendered":"<p>\u2714\ufe0fMolde personalizadoEProdutos de seus projetos, com uma cota\u00e7\u00e3o em 24-48 horas.<br \/>\n\u2714\ufe0f30+ Anos de produ\u00e7\u00e3o de Molde &amp; Moldagem experiente<\/p>\n<p>\u2714\ufe0f FReeAn\u00e1lise de desenho para otimiza\u00e7\u00e3o da estrutura do produto<br \/>\n\u2714\ufe0fLivreAmostragem<br \/>\n\u2714\ufe0fAbrangenteServi\u00e7os a partir deMolde-Moldagem por inje\u00e7\u00e3o\/borracha-Serigrafia de seda-Galvanoplastia etc-Montagem<\/p>\n<p>N\u00f3s podemos fornecer aos nossos clientes &#8220;one-stop service&#8221; solu\u00e7\u00e3o desde o projeto inicial at\u00e9 produtos montados finais com alta qualidade, profissional &amp; financeiro melhores escolhas, entrega no prazo, e excelentes comunica\u00e7\u00f5es.<\/p>","protected":false},"featured_media":1779,"template":"","meta":{"_gspb_post_css":"","kk_blocks_editor_width":"","_kiokenblocks_attr":"","_kiokenblocks_dimensions":""},"product_brand":[],"product_cat":[23],"product_tag":[],"class_list":{"0":"post-1775","1":"product","2":"type-product","3":"status-publish","4":"has-post-thumbnail","6":"product_cat-injection-mold","8":"first","9":"instock","10":"shipping-taxable","11":"purchasable","12":"product-type-simple"},"_links":{"self":[{"href":"https:\/\/rilong-mold.com\/es\/wp-json\/wp\/v2\/product\/1775","targetHints":{"allow":["GET"]}}],"collection":[{"href":"https:\/\/rilong-mold.com\/es\/wp-json\/wp\/v2\/product"}],"about":[{"href":"https:\/\/rilong-mold.com\/es\/wp-json\/wp\/v2\/types\/product"}],"wp:featuredmedia":[{"embeddable":true,"href":"https:\/\/rilong-mold.com\/es\/wp-json\/wp\/v2\/media\/1779"}],"wp:attachment":[{"href":"https:\/\/rilong-mold.com\/es\/wp-json\/wp\/v2\/media?parent=1775"}],"wp:term":[{"taxonomy":"product_brand","embeddable":true,"href":"https:\/\/rilong-mold.com\/es\/wp-json\/wp\/v2\/product_brand?post=1775"},{"taxonomy":"product_cat","embeddable":true,"href":"https:\/\/rilong-mold.com\/es\/wp-json\/wp\/v2\/product_cat?post=1775"},{"taxonomy":"product_tag","embeddable":true,"href":"https:\/\/rilong-mold.com\/es\/wp-json\/wp\/v2\/product_tag?post=1775"}],"curies":[{"name":"wp","href":"https:\/\/api.w.org\/{rel}","templated":true}]}}