{"id":3846,"date":"2024-07-01T06:07:54","date_gmt":"2024-07-01T06:07:54","guid":{"rendered":"https:\/\/rilong-mold.com\/?post_type=product&#038;p=3846"},"modified":"2024-07-29T08:28:10","modified_gmt":"2024-07-29T08:28:10","slug":"lsr-injection-molding-silicone-rubber-watchband-silicone-watch-straps-bracelet-with-customized-designs","status":"publish","type":"product","link":"https:\/\/rilong-mold.com\/es\/producto\/lsr-injection-molding-silicone-rubber-watchband-silicone-watch-straps-bracelet-with-customized-designs\/","title":{"rendered":"LSR Injection Molding Silicone Rubber Watchband Silicone Watch Straps Bracelet with Customized Designs"},"content":{"rendered":"<h6 id=\"gspb_heading-id-gsbp-c9b95d3\" class=\"gspb_heading gspb_heading-id-gsbp-c9b95d3\">Atributos clave<\/h6>\n<figure class=\"wp-block-table\">\n<table class=\"has-border-color has-cyan-bluish-gray-border-color\">\n<tbody>\n<tr>\n<td>Modo de conformado<\/td>\n<td><strong>Molde de goma<\/strong><\/td>\n<\/tr>\n<tr>\n<td>Lugar de origen<\/td>\n<td><strong>Guangdong China<\/strong><\/td>\n<\/tr>\n<tr>\n<td>Nombre de la marca<\/td>\n<td><strong>Rilong<\/strong><\/td>\n<\/tr>\n<tr>\n<td>N\u00famero de modelo<\/td>\n<td><strong>OEM\/ODM<\/strong><\/td>\n<\/tr>\n<tr>\n<td>Material del producto<\/td>\n<td><strong>Goma de silicona<\/strong><\/td>\n<\/tr>\n<tr>\n<td>Producto<\/td>\n<td><strong>Producto para el hogar<\/strong><\/td>\n<\/tr>\n<tr>\n<td>Palabra clave<\/td>\n<td><strong>Servicio de moldeo de silicona y ensamblaje OEM<\/strong><\/td>\n<\/tr>\n<tr>\n<td>Base del molde<\/td>\n<td><strong>LKM, HASCO, DME, o seg\u00fan los requisitos del cliente<\/strong><\/td>\n<\/tr>\n<tr>\n<td>Vida \u00fatil del molde<\/td>\n<td><strong>50,000 to 1,000,000 shots<\/strong><\/td>\n<\/tr>\n<tr>\n<td>N\u00facleo del molde<\/td>\n<td><strong>45#, 50#, P20, H13, 718, 1.2344, 1.2738, NAK80, S136 etc<\/strong><\/td>\n<\/tr>\n<tr>\n<td>Material de producci\u00f3n<\/td>\n<td><strong>Silicone, Natural Rubber, NBR, NR, EPDM etc.<\/strong><\/td>\n<\/tr>\n<tr>\n<td>Cavidad del molde<\/td>\n<td><strong>Cavidades \u00fanicas o m\u00faltiples<\/strong><\/td>\n<\/tr>\n<tr>\n<td>Empaque<\/td>\n<td><strong>Empaque en bolsas de polietileno o seg\u00fan los requisitos del cliente<\/strong><\/td>\n<\/tr>\n<tr>\n<td>Transporte<\/td>\n<td><strong>Por mar o por aire seg\u00fan los requisitos del cliente<\/strong><\/td>\n<\/tr>\n<tr>\n<td>Principal pa\u00eds de exportaci\u00f3n<\/td>\n<td><strong>EE. UU., Reino Unido, Alemania, Suiza, Francia, Italia, Australia y el sudeste asi\u00e1tico<\/strong><\/td>\n<\/tr>\n<\/tbody>\n<\/table><figcaption class=\"wp-element-caption\">Detalles de otros atributos,\u00a0<a href=\"https:\/\/rilong-mold.com\/es\/contact-us\/\" target=\"_blank\" rel=\"noreferrer noopener\">Cont\u00e1ctanos<\/a><\/figcaption><\/figure>\n<h6 id=\"gspb_heading-id-gsbp-569bcba\" class=\"gspb_heading gspb_heading-id-gsbp-569bcba\">Tiempo de entrega<\/h6>\n<figure class=\"wp-block-table\">\n<table class=\"has-border-color has-cyan-bluish-gray-border-color\">\n<tbody>\n<tr>\n<td><strong>Cantidad (unidades)<\/strong><\/td>\n<td>1 \u2013 1000<\/td>\n<td>1001 \u2013 5000<\/td>\n<td>5001 \u2013 10000<\/td>\n<td>&gt; 10000<\/td>\n<\/tr>\n<tr>\n<td><strong>Tiempo de entrega (d\u00edas)<\/strong><\/td>\n<td>15<\/td>\n<td>20<\/td>\n<td>30<\/td>\n<td>A negociar<\/td>\n<\/tr>\n<\/tbody>\n<\/table><figcaption class=\"wp-element-caption\">Para m\u00e1s detalles sobre el tiempo de entrega,\u00a0<a href=\"https:\/\/rilong-mold.com\/es\/contact-us\/\" target=\"_blank\" rel=\"noreferrer noopener\">Cont\u00e1ctanos<\/a><\/figcaption><\/figure>\n<h6 id=\"gspb_heading-id-gsbp-551842b\" class=\"gspb_heading gspb_heading-id-gsbp-551842b\">Personalizaci\u00f3n<\/h6>\n<figure class=\"wp-block-table\">\n<table class=\"has-border-color has-cyan-bluish-gray-border-color\">\n<tbody>\n<tr>\n<td><strong>Logotipo personalizado<\/strong><\/td>\n<td><strong>Empaque personalizado<\/strong><\/td>\n<td><strong>Personalizaci\u00f3n gr\u00e1fica<\/strong><\/td>\n<\/tr>\n<tr>\n<td>Pedido m\u00ednimo: 1<\/td>\n<td>Pedido m\u00ednimo: 1<\/td>\n<td>Pedido m\u00ednimo: 1<\/td>\n<\/tr>\n<\/tbody>\n<\/table><figcaption class=\"wp-element-caption\">Para m\u00e1s detalles de personalizaci\u00f3n,\u00a0<a href=\"https:\/\/rilong-mold.com\/es\/contact-us\/\" target=\"_blank\" rel=\"noreferrer noopener\">Cont\u00e1ctanos<\/a><\/figcaption><\/figure>","protected":false},"excerpt":{"rendered":"<p>En RiLong, personalizamos piezas de caucho OEM para productos electr\u00f3nicos, sistemas de alarma para el hogar, productos m\u00e9dicos y automotrices con diferentes colores y materiales como silicona, NBR, NR, SR y EPDM. Tambi\u00e9n est\u00e1n disponibles P+R, silicona + c\u00fapula met\u00e1lica\/Polydome\/circuito. Hemos fabricado muchos tipos de teclados de silicona con pastillas conductoras\/ serigraf\u00eda\/ impresi\u00f3n por tamp\u00f3n\/ recubrimiento\/ recubrimiento mate\/ grabado l\u00e1ser\/ recubrimiento por goteo\/ epoxi seg\u00fan los diversos dise\u00f1os y especificaciones de los clientes.<\/p>","protected":false},"featured_media":3847,"template":"","meta":{"_gspb_post_css":"","kk_blocks_editor_width":"","_kiokenblocks_attr":"","_kiokenblocks_dimensions":""},"product_brand":[],"product_cat":[41],"product_tag":[],"class_list":{"0":"post-3846","1":"product","2":"type-product","3":"status-publish","4":"has-post-thumbnail","6":"product_cat-silicone-rubber","8":"first","9":"instock","10":"shipping-taxable","11":"purchasable","12":"product-type-simple"},"_links":{"self":[{"href":"https:\/\/rilong-mold.com\/es\/wp-json\/wp\/v2\/product\/3846","targetHints":{"allow":["GET"]}}],"collection":[{"href":"https:\/\/rilong-mold.com\/es\/wp-json\/wp\/v2\/product"}],"about":[{"href":"https:\/\/rilong-mold.com\/es\/wp-json\/wp\/v2\/types\/product"}],"wp:featuredmedia":[{"embeddable":true,"href":"https:\/\/rilong-mold.com\/es\/wp-json\/wp\/v2\/media\/3847"}],"wp:attachment":[{"href":"https:\/\/rilong-mold.com\/es\/wp-json\/wp\/v2\/media?parent=3846"}],"wp:term":[{"taxonomy":"product_brand","embeddable":true,"href":"https:\/\/rilong-mold.com\/es\/wp-json\/wp\/v2\/product_brand?post=3846"},{"taxonomy":"product_cat","embeddable":true,"href":"https:\/\/rilong-mold.com\/es\/wp-json\/wp\/v2\/product_cat?post=3846"},{"taxonomy":"product_tag","embeddable":true,"href":"https:\/\/rilong-mold.com\/es\/wp-json\/wp\/v2\/product_tag?post=3846"}],"curies":[{"name":"wp","href":"https:\/\/api.w.org\/{rel}","templated":true}]}}