{"id":5408,"date":"2024-07-30T09:03:56","date_gmt":"2024-07-30T09:03:56","guid":{"rendered":"https:\/\/rilong-mold.com\/?post_type=product&#038;p=5408"},"modified":"2024-07-30T09:05:37","modified_gmt":"2024-07-30T09:05:37","slug":"custom-high-precision-cnc-machined-brass-stainless-steel-component-for-industrial-use","status":"publish","type":"product","link":"https:\/\/rilong-mold.com\/es\/producto\/custom-high-precision-cnc-machined-brass-stainless-steel-component-for-industrial-use\/","title":{"rendered":"Componente de lat\u00f3n mecanizado CNC de alta precisi\u00f3n personalizado en acero inoxidable para uso industrial"},"content":{"rendered":"<h3 id=\"key-attributes\" class=\"att-title\" data-spm-anchor-id=\"a2700.details.0.i101.3d7e4e7fuVkftO\">Atributos clave<\/h3>\r\n<div class=\"attribute-info\">\r\n<h4 data-spm-anchor-id=\"a2700.details.0.i110.3d7e4e7fuVkftO\">Atributos espec\u00edficos de la industria<\/h4>\r\n\r\n<figure class=\"wp-block-table\">\r\n<table class=\"has-fixed-layout\">\r\n<tbody>\r\n<tr>\r\n<td>\u00bfFabricaci\u00f3n con CNC o no?<\/td>\r\n<td>Mecanizado CNC<\/td>\r\n<\/tr>\r\n<tr>\r\n<td>Capacidades de material<\/td>\r\n<td>Aluminio, Lat\u00f3n, Bronce, Cobre, Metales Endurecidos, Acero Inoxidable<\/td>\r\n<\/tr>\r\n<\/tbody>\r\n<\/table>\r\n<\/figure>\r\n<\/div>\r\n<div class=\"attribute-info\">\r\n<h4 data-spm-anchor-id=\"a2700.details.0.i118.2c3f78e7WDUsVo\">Other attributes<\/h4>\r\n<\/div>\r\n<figure class=\"wp-block-table\">\r\n<figure class=\"wp-block-table\">\r\n<table class=\"has-fixed-layout\">\r\n<tbody>\r\n<tr>\r\n<td>Lugar de origen<\/td>\r\n<td>Guangdong, China<\/td>\r\n<\/tr>\r\n<tr>\r\n<td>Tipo<\/td>\r\n<td>Prototipado r\u00e1pido<\/td>\r\n<\/tr>\r\n<tr>\r\n<td>\u00bfMicroprocesamiento o no?<\/td>\r\n<td>Microprocesamiento<\/td>\r\n<\/tr>\r\n<tr>\r\n<td>N\u00famero de modelo<\/td>\r\n<td>Prototipo<\/td>\r\n<\/tr>\r\n<tr>\r\n<td>Nombre de la marca<\/td>\r\n<td>Rilong<\/td>\r\n<\/tr>\r\n<tr>\r\n<td>Nombre del producto<\/td>\r\n<td>Prototipo<\/td>\r\n<\/tr>\r\n<tr>\r\n<td>Material<\/td>\r\n<td>Aluminio, lat\u00f3n, bronce, cobre, metales endurecidos<\/td>\r\n<\/tr>\r\n<tr>\r\n<td>Proceso<\/td>\r\n<td>CNC + desbarbado<\/td>\r\n<\/tr>\r\n<tr>\r\n<td>Tratamiento de superficie<\/td>\r\n<td>Anodizado, cepillado, galvanizado, grabado l\u00e1ser, chapado, pulido<\/td>\r\n<\/tr>\r\n<tr>\r\n<td>Servicio<\/td>\r\n<td>OEM personalizado<\/td>\r\n<\/tr>\r\n<tr>\r\n<td>Aplicaci\u00f3n<\/td>\r\n<td>Equipos industriales<\/td>\r\n<\/tr>\r\n<tr>\r\n<td>Equipos<\/td>\r\n<td>Centros de maquinado CNC<\/td>\r\n<\/tr>\r\n<tr>\r\n<td>Color<\/td>\r\n<td>Color personalizado<\/td>\r\n<\/tr>\r\n<tr>\r\n<td>Tolerancia<\/td>\r\n<td>0.01mm<\/td>\r\n<\/tr>\r\n<tr>\r\n<td>Formato de dibujo<\/td>\r\n<td>2D\/(PDF)3D(IGES\/STEP\/X-T)<\/td>\r\n<\/tr>\r\n<\/tbody>\r\n<\/table>\r\n<\/figure>\r\n<\/figure>\r\n<h4 data-spm-anchor-id=\"a2700.details.0.i118.2c3f78e7WDUsVo\">\u00a0Tiempo de entrega<\/h4>\r\n<figure class=\"wp-block-table\">\r\n<table class=\"has-border-color has-cyan-bluish-gray-border-color\">\r\n<tbody>\r\n<tr>\r\n<td>Cantidad (unidades)<\/td>\r\n<td>1 \u2013 1000<\/td>\r\n<td>1001 \u2013 5000<\/td>\r\n<td>5001 \u2013 10000<\/td>\r\n<td>&gt; 10000<\/td>\r\n<\/tr>\r\n<tr>\r\n<td>Tiempo de entrega (d\u00edas)<\/td>\r\n<td>15<\/td>\r\n<td>20<\/td>\r\n<td>30<\/td>\r\n<td>A negociar<\/td>\r\n<\/tr>\r\n<\/tbody>\r\n<\/table>\r\n<\/figure>\r\n<h4 data-spm-anchor-id=\"a2700.details.0.i118.2c3f78e7WDUsVo\">Customizatin<\/h4>\r\n<figure class=\"wp-block-table\">\r\n<table class=\"has-border-color has-cyan-bluish-gray-border-color\">\r\n<tbody>\r\n<tr>\r\n<td>Logotipo personalizado<\/td>\r\n<td>Empaque personalizado<\/td>\r\n<td>Personalizaci\u00f3n gr\u00e1fica<\/td>\r\n<\/tr>\r\n<tr>\r\n<td>Pedido m\u00ednimo: 1<\/td>\r\n<td>Pedido m\u00ednimo: 1<\/td>\r\n<td>Pedido m\u00ednimo: 1<\/td>\r\n<\/tr>\r\n<\/tbody>\r\n<\/table>\r\n<figcaption class=\"wp-element-caption\">Para m\u00e1s detalles de personalizaci\u00f3n,\u00a0<a href=\"https:\/\/rilong-mold.com\/es\/contact-us\/\" target=\"_blank\" rel=\"noreferrer noopener\">Cont\u00e1ctanos<\/a><\/figcaption>\r\n<\/figure>","protected":false},"excerpt":{"rendered":"<p><span class=\"magic-9\" data-immersive-translate-walked=\"010633f8-3a23-457e-a2be-4da1fd476368\"><b data-immersive-translate-walked=\"010633f8-3a23-457e-a2be-4da1fd476368\"><span data-immersive-translate-walked=\"010633f8-3a23-457e-a2be-4da1fd476368\">\u2714\ufe0f<strong data-spm-anchor-id=\"a2700.details.0.i131.2c3f78e7WDUsVo\">Molde y productos personalizados a partir de sus dise\u00f1os, con una cotizaci\u00f3n en 24-48 horas.<\/strong><\/span><\/b><\/span><span class=\"magic-11\" data-immersive-translate-walked=\"010633f8-3a23-457e-a2be-4da1fd476368\"><br \/><\/span><span class=\"magic-8\" data-immersive-translate-walked=\"010633f8-3a23-457e-a2be-4da1fd476368\"><span class=\"magic-9\" data-immersive-translate-walked=\"010633f8-3a23-457e-a2be-4da1fd476368\">\u2714\ufe0f<strong data-spm-anchor-id=\"a2700.details.0.i133.2c3f78e7WDUsVo\">30+<\/strong>\u00a0M\u00e1s de 30 a\u00f1os de experiencia en la producci\u00f3n de moldes y moldeo<\/span><span class=\"magic-11\" data-immersive-translate-walked=\"010633f8-3a23-457e-a2be-4da1fd476368\" data-immersive-translate-paragraph=\"1\"><br \/><\/span><\/span><span class=\"magic-8\" data-immersive-translate-walked=\"010633f8-3a23-457e-a2be-4da1fd476368\"><span class=\"magic-9\" data-immersive-translate-walked=\"010633f8-3a23-457e-a2be-4da1fd476368\" data-immersive-translate-paragraph=\"1\">\u2714\ufe0f<strong data-spm-anchor-id=\"a2700.details.0.i135.2c3f78e7WDUsVo\">Muestras\u00a0<\/strong>gratuitas<\/span><span class=\"magic-11\" data-immersive-translate-walked=\"010633f8-3a23-457e-a2be-4da1fd476368\" data-immersive-translate-paragraph=\"1\"><span data-immersive-translate-walked=\"010633f8-3a23-457e-a2be-4da1fd476368\"><br \/><span class=\"magic-6\" data-immersive-translate-walked=\"010633f8-3a23-457e-a2be-4da1fd476368\"><span class=\"magic-9\" data-immersive-translate-walked=\"010633f8-3a23-457e-a2be-4da1fd476368\">\u2714\ufe0f<strong data-spm-anchor-id=\"a2700.details.0.i136.2c3f78e7WDUsVo\">Servicios integrales\u00a0<\/strong>- moldeo por inyecci\u00f3n\/goma - serigraf\u00eda - galvanoplastia, etc. - ensamblaje<\/span><\/span><br \/><\/span><\/span><\/span><\/p>\n<div data-immersive-translate-walked=\"010633f8-3a23-457e-a2be-4da1fd476368\"><span class=\"magic-8\" data-immersive-translate-walked=\"010633f8-3a23-457e-a2be-4da1fd476368\"><span class=\"magic-11\" data-immersive-translate-walked=\"010633f8-3a23-457e-a2be-4da1fd476368\"><span data-immersive-translate-walked=\"010633f8-3a23-457e-a2be-4da1fd476368\"> <strong>Podemos ofrecer a nuestros clientes una soluci\u00f3n de \"servicio integral\" desde el dise\u00f1o inicial hasta los productos finales ensamblados con alta calidad, las mejores opciones profesionales y financieras, entrega puntual y un excelente servicio<\/strong><\/span><\/span><\/span><\/div>","protected":false},"featured_media":5409,"template":"","meta":{"_gspb_post_css":"","kk_blocks_editor_width":"","_kiokenblocks_attr":"","_kiokenblocks_dimensions":""},"product_brand":[],"product_cat":[24],"product_tag":[],"class_list":{"0":"post-5408","1":"product","2":"type-product","3":"status-publish","4":"has-post-thumbnail","6":"product_cat-cnc-3d-printing","8":"first","9":"instock","10":"shipping-taxable","11":"purchasable","12":"product-type-simple"},"_links":{"self":[{"href":"https:\/\/rilong-mold.com\/es\/wp-json\/wp\/v2\/product\/5408","targetHints":{"allow":["GET"]}}],"collection":[{"href":"https:\/\/rilong-mold.com\/es\/wp-json\/wp\/v2\/product"}],"about":[{"href":"https:\/\/rilong-mold.com\/es\/wp-json\/wp\/v2\/types\/product"}],"wp:featuredmedia":[{"embeddable":true,"href":"https:\/\/rilong-mold.com\/es\/wp-json\/wp\/v2\/media\/5409"}],"wp:attachment":[{"href":"https:\/\/rilong-mold.com\/es\/wp-json\/wp\/v2\/media?parent=5408"}],"wp:term":[{"taxonomy":"product_brand","embeddable":true,"href":"https:\/\/rilong-mold.com\/es\/wp-json\/wp\/v2\/product_brand?post=5408"},{"taxonomy":"product_cat","embeddable":true,"href":"https:\/\/rilong-mold.com\/es\/wp-json\/wp\/v2\/product_cat?post=5408"},{"taxonomy":"product_tag","embeddable":true,"href":"https:\/\/rilong-mold.com\/es\/wp-json\/wp\/v2\/product_tag?post=5408"}],"curies":[{"name":"wp","href":"https:\/\/api.w.org\/{rel}","templated":true}]}}