{"id":5693,"date":"2024-08-20T09:42:45","date_gmt":"2024-08-20T09:42:45","guid":{"rendered":"https:\/\/rilong-mold.com\/?post_type=product&#038;p=5693"},"modified":"2024-08-23T01:56:29","modified_gmt":"2024-08-23T01:56:29","slug":"custom-plastic-injection-mold-injection-plastic-parts-oem-mold-plastic-injection-molding-tool-service-customized-mould","status":"publish","type":"product","link":"https:\/\/rilong-mold.com\/es\/producto\/custom-plastic-injection-mold-injection-plastic-parts-oem-mold-plastic-injection-molding-tool-service-customized-mould\/","title":{"rendered":"Molde de inyecci\u00f3n de pl\u00e1stico personalizado, piezas de pl\u00e1stico moldeadas por inyecci\u00f3n, molde OEM, servicio de herramientas de moldeo por inyecci\u00f3n personalizado"},"content":{"rendered":"<div id=\"gspb_row-id-gsbp-c802438\" class=\"wp-block-greenshift-blocks-row gspb_row gspb_row-id-gsbp-c802438\">\n<div class=\"gspb_row__content\">\n<div id=\"gspb_col-id-gsbp-065bb24\" class=\"wp-block-greenshift-blocks-row-column gspb_row__col--12 gspb_col-id-gsbp-065bb24\">\n<div id=\"gspb_row-id-gsbp-c802438\" class=\"wp-block-greenshift-blocks-row gspb_row gspb_row-id-gsbp-c802438\">\n<div class=\"gspb_row__content\">\n<div id=\"gspb_col-id-gsbp-065bb24\" class=\"wp-block-greenshift-blocks-row-column gspb_row__col--12 gspb_col-id-gsbp-065bb24\">\n<h3 id=\"key-attributes\" class=\"wp-block-heading\">Atributos clave<\/h3>\n<h6 id=\"industry-specific-attributes\" class=\"wp-block-heading\">Atributos espec\u00edficos de la industria<\/h6>\n<figure class=\"wp-block-table is-style-regular\">\n<table class=\"has-fixed-layout\">\n<tbody>\n<tr>\n<td>Modo de conformado<\/td>\n<td>Molde de inyecci\u00f3n de pl\u00e1stico<\/td>\n<\/tr>\n<\/tbody>\n<\/table>\n<\/figure>\n<\/div>\n<\/div>\n<\/div>\n<div id=\"gspb_row-id-gsbp-fbb84d1\" class=\"wp-block-greenshift-blocks-row gspb_row gspb_row-id-gsbp-fbb84d1\">\n<div class=\"gspb_row__content\">\n<div id=\"gspb_col-id-gsbp-05d0e75\" class=\"wp-block-greenshift-blocks-row-column gspb_row__col--12 gspb_col-id-gsbp-05d0e75\">\n<h6 id=\"industry-specific-attributes\" class=\"wp-block-heading\">Other attributes<\/h6>\n<figure class=\"wp-block-table\">\n<table class=\"has-fixed-layout\">\n<tbody>\n<tr>\n<td>Material del producto<\/td>\n<td>PC, PC+ABS, ABS, PP, PVC, POM, TPE, PEEK, TPU etc<\/td>\n<\/tr>\n<tr>\n<td>Producto<\/td>\n<td>Producto moldeado por inyecci\u00f3n<\/td>\n<\/tr>\n<tr>\n<td>Acero para moldes<\/td>\n<td>P20\/NAK80\/S136\/H13\/718H\u2026<\/td>\n<\/tr>\n<tr>\n<td>Vida \u00fatil del molde<\/td>\n<td>50k-1000k disparos<\/td>\n<\/tr>\n<tr>\n<td>Tratamiento de superficie<\/td>\n<td>Textura\/arena\/MT\/YS\/SPI<\/td>\n<\/tr>\n<tr>\n<td>Alta precisi\u00f3n<\/td>\n<td>+\/-0.01mm<\/td>\n<\/tr>\n<tr>\n<td>Corredor<\/td>\n<td>Corredor caliente y fr\u00edo<\/td>\n<\/tr>\n<tr>\n<td>Cavidad<\/td>\n<td>Cavidad simple o m\u00faltiple<\/td>\n<\/tr>\n<tr>\n<td>Certificaci\u00f3n<\/td>\n<td>ISO9001, ISO14001, IATF16949<\/td>\n<\/tr>\n<tr>\n<td>Color<\/td>\n<td>C\u00f3digo de color Pantone\/RAL\/color de muestra real<\/td>\n<\/tr>\n<tr>\n<td>Base del molde<\/td>\n<td>LKM HASCO<\/td>\n<\/tr>\n<tr>\n<td>Surface Finishing<\/td>\n<td>Printing\/Painting\/Laser etching<\/td>\n<\/tr>\n<\/tbody>\n<\/table>\n<\/figure>\n<div class=\"wp-block-stackable-spacer stk-block-spacer stk--no-padding stk-block stk-ede2f83\" data-block-id=\"ede2f83\"><\/div>\n<p class=\"has-text-align-center\">Detalles de otros atributos,\u00a0<a href=\"https:\/\/rilong-mold.com\/es\/contact-us\/\" target=\"_blank\" rel=\"noreferrer noopener\">Cont\u00e1ctanos<\/a><\/p>\n<\/div>\n<\/div>\n<\/div>\n<div id=\"gspb_row-id-gsbp-d0866d0\" class=\"wp-block-greenshift-blocks-row gspb_row gspb_row-id-gsbp-d0866d0\">\n<div class=\"gspb_row__content\">\n<div id=\"gspb_col-id-gsbp-cd594e1\" class=\"wp-block-greenshift-blocks-row-column gspb_row__col--12 gspb_col-id-gsbp-cd594e1\">\n<h3 id=\"key-attributes\" class=\"wp-block-heading\">Tiempo de entrega<\/h3>\n<figure class=\"wp-block-table\">\n<table class=\"has-fixed-layout\">\n<tbody>\n<tr>\n<td>Cantidad (unidades)<\/td>\n<td>1-1<\/td>\n<td>&gt; 1<\/td>\n<\/tr>\n<tr>\n<td>Tiempo de entrega (d\u00edas)<\/td>\n<td>30<\/td>\n<td>A negociar<\/td>\n<\/tr>\n<\/tbody>\n<\/table>\n<\/figure>\n<div class=\"wp-block-stackable-spacer stk-block-spacer stk--no-padding stk-block stk-ea97670\" data-block-id=\"ea97670\"><\/div>\n<p class=\"has-text-align-center\">Para m\u00e1s detalles sobre el tiempo de entrega,\u00a0\u00a0<a href=\"https:\/\/rilong-mold.com\/es\/contact-us\/\" target=\"_blank\" rel=\"noreferrer noopener\">Cont\u00e1ctanos<\/a><\/p>\n<\/div>\n<\/div>\n<\/div>\n<div id=\"gspb_row-id-gsbp-718b36e\" class=\"wp-block-greenshift-blocks-row gspb_row gspb_row-id-gsbp-718b36e\">\n<div class=\"gspb_row__content\">\n<div id=\"gspb_col-id-gsbp-7e1fb67\" class=\"wp-block-greenshift-blocks-row-column gspb_row__col--12 gspb_col-id-gsbp-7e1fb67\">\n<h3 id=\"key-attributes\" class=\"wp-block-heading\">Personalizaci\u00f3n<\/h3>\n<figure class=\"wp-block-table\">\n<table class=\"has-fixed-layout\">\n<tbody>\n<tr>\n<td>Logotipo personalizado<\/td>\n<td>Empaque personalizado<\/td>\n<td>Personalizaci\u00f3n gr\u00e1fica<\/td>\n<\/tr>\n<tr>\n<td>Pedido m\u00ednimo: 1<\/td>\n<td>3Min. order:\u00a01<\/td>\n<td>A negociar<\/td>\n<\/tr>\n<\/tbody>\n<\/table>\n<\/figure>\n<div class=\"wp-block-stackable-spacer stk-block-spacer stk--no-padding stk-block stk-1ba48aa\" data-block-id=\"1ba48aa\"><\/div>\n<p class=\"has-text-align-center\">Para m\u00e1s detalles de personalizaci\u00f3n,\u00a0<a href=\"https:\/\/rilong-mold.com\/es\/contact-us\/\" target=\"_blank\" rel=\"noreferrer noopener\">Cont\u00e1ctanos<\/a><\/p>\n<\/div>\n<\/div>\n<\/div>\n<\/div>\n<\/div>\n<\/div>\n<div id=\"gspb_row-id-gsbp-718b36e\" class=\"wp-block-greenshift-blocks-row gspb_row gspb_row-id-gsbp-718b36e\">\n<div class=\"gspb_row__content\">\n<div id=\"gspb_col-id-gsbp-7e1fb67\" class=\"wp-block-greenshift-blocks-row-column gspb_row__col--12 gspb_col-id-gsbp-7e1fb67\"><\/div>\n<\/div>\n<\/div>","protected":false},"excerpt":{"rendered":"<p><span class=\"magic-9\" data-immersive-translate-walked=\"010633f8-3a23-457e-a2be-4da1fd476368\"><b data-immersive-translate-walked=\"010633f8-3a23-457e-a2be-4da1fd476368\"><span data-immersive-translate-walked=\"010633f8-3a23-457e-a2be-4da1fd476368\">\u2714\ufe0f<\/span>An\u00e1lisis gratuito\u00a0<\/b><\/span><span class=\"magic-11\" data-immersive-translate-walked=\"010633f8-3a23-457e-a2be-4da1fd476368\">de dibujos para optimizar la estructura del producto<br \/>\n<\/span><span class=\"magic-8\" data-immersive-translate-walked=\"010633f8-3a23-457e-a2be-4da1fd476368\"><span class=\"magic-9\" data-immersive-translate-walked=\"010633f8-3a23-457e-a2be-4da1fd476368\">\u2714\ufe0f<b class=\"magic-8\" data-immersive-translate-walked=\"010633f8-3a23-457e-a2be-4da1fd476368\">Muestras<\/b><\/span><span class=\"magic-11\" data-immersive-translate-walked=\"010633f8-3a23-457e-a2be-4da1fd476368\" data-immersive-translate-paragraph=\"1\">\u00a0gratuitas<br \/>\n<\/span><\/span><span class=\"magic-8\" data-immersive-translate-walked=\"010633f8-3a23-457e-a2be-4da1fd476368\"><span class=\"magic-9\" data-immersive-translate-walked=\"010633f8-3a23-457e-a2be-4da1fd476368\" data-immersive-translate-paragraph=\"1\">\u2714\ufe0f<b class=\"magic-8\" data-immersive-translate-walked=\"010633f8-3a23-457e-a2be-4da1fd476368\">Servicios integrales<\/b><\/span><span class=\"magic-11\" data-immersive-translate-walked=\"010633f8-3a23-457e-a2be-4da1fd476368\" data-immersive-translate-paragraph=\"1\">\u00a0desde la fabricaci\u00f3n\u00a0<span data-immersive-translate-walked=\"010633f8-3a23-457e-a2be-4da1fd476368\">- moldeo por inyecci\u00f3n\/goma - serigraf\u00eda - galvanoplastia, etc. - ensamblaje<br \/>\n<span class=\"magic-6\" data-immersive-translate-walked=\"010633f8-3a23-457e-a2be-4da1fd476368\"><span class=\"magic-9\" data-immersive-translate-walked=\"010633f8-3a23-457e-a2be-4da1fd476368\">\u2714\ufe0f<\/span><\/span><span class=\"magic-10\" data-immersive-translate-walked=\"010633f8-3a23-457e-a2be-4da1fd476368\">Moldes y productos\u00a0<\/span>personalizados seg\u00fan sus dise\u00f1os, con un presupuesto en\u00a0<strong>24-48 horas<\/strong>.<\/span><\/span><\/span><\/p>","protected":false},"featured_media":5694,"template":"","meta":{"_gspb_post_css":"","kk_blocks_editor_width":"","_kiokenblocks_attr":"","_kiokenblocks_dimensions":""},"product_brand":[],"product_cat":[23],"product_tag":[],"class_list":{"0":"post-5693","1":"product","2":"type-product","3":"status-publish","4":"has-post-thumbnail","6":"product_cat-injection-mold","8":"first","9":"instock","10":"shipping-taxable","11":"purchasable","12":"product-type-simple"},"_links":{"self":[{"href":"https:\/\/rilong-mold.com\/es\/wp-json\/wp\/v2\/product\/5693","targetHints":{"allow":["GET"]}}],"collection":[{"href":"https:\/\/rilong-mold.com\/es\/wp-json\/wp\/v2\/product"}],"about":[{"href":"https:\/\/rilong-mold.com\/es\/wp-json\/wp\/v2\/types\/product"}],"wp:featuredmedia":[{"embeddable":true,"href":"https:\/\/rilong-mold.com\/es\/wp-json\/wp\/v2\/media\/5694"}],"wp:attachment":[{"href":"https:\/\/rilong-mold.com\/es\/wp-json\/wp\/v2\/media?parent=5693"}],"wp:term":[{"taxonomy":"product_brand","embeddable":true,"href":"https:\/\/rilong-mold.com\/es\/wp-json\/wp\/v2\/product_brand?post=5693"},{"taxonomy":"product_cat","embeddable":true,"href":"https:\/\/rilong-mold.com\/es\/wp-json\/wp\/v2\/product_cat?post=5693"},{"taxonomy":"product_tag","embeddable":true,"href":"https:\/\/rilong-mold.com\/es\/wp-json\/wp\/v2\/product_tag?post=5693"}],"curies":[{"name":"wp","href":"https:\/\/api.w.org\/{rel}","templated":true}]}}