{"id":1775,"date":"2024-05-31T03:46:21","date_gmt":"2024-05-31T03:46:21","guid":{"rendered":"https:\/\/rilong-mold.com\/?post_type=product&#038;p=1775"},"modified":"2024-05-31T06:11:32","modified_gmt":"2024-05-31T06:11:32","slug":"molde-de-injecao-de-alta-qualidade-para-molde-de-plastico-abs-pc-pp-pom-tpu-tpe-pmma","status":"publish","type":"product","link":"https:\/\/rilong-mold.com\/zh\/product\/molde-de-injecao-de-alta-qualidade-para-molde-de-plastico-abs-pc-pp-pom-tpu-tpe-pmma\/","title":{"rendered":"Molde de inje\u00e7\u00e3o de alta qualidade para molde de pl\u00e1stico ABS PC PP POM TPU TPE PMMA"},"content":{"rendered":"<h6 id=\"gspb_heading-id-gsbp-982bdf9\" class=\"gspb_heading gspb_heading-id-gsbp-982bdf9\">\u5de5\u4e1a\u5c5e\u6027<\/h6>\n<figure class=\"wp-block-table\">\n<table class=\"has-border-color has-cyan-bluish-gray-border-color\">\n<tbody>\n<tr>\n<td>\u6210\u578b\u65b9\u5f0f<\/td>\n<td>\u5851\u6599\u6ce8\u5c04\u6a21\u5177<\/td>\n<\/tr>\n<tr>\n<td>\u539f\u4ea7\u5730<\/td>\n<td>\u4e2d\u56fd\u5e7f\u4e1c<\/td>\n<\/tr>\n<tr>\n<td>\u54c1\u724c\u540d\u79f0<\/td>\n<td>Rilong<\/td>\n<\/tr>\n<tr>\n<td>\u578b\u53f7<\/td>\n<td>OEM\/ODM<\/td>\n<\/tr>\n<tr>\n<td>\u4ea7\u54c1\u6750\u6599<\/td>\n<td>PC, PC+ABS, ABS, PP, PVC, POM, TPE, PEEK, TPU etc<\/td>\n<\/tr>\n<tr>\n<td>\u4ea7\u54c1<\/td>\n<td>\u6ce8\u5851\u5236\u54c1<\/td>\n<\/tr>\n<tr>\n<td>\u6a21\u5177\u94a2<\/td>\n<td>P20\/NAK80\/S136\/H13\/718H\u2026<\/td>\n<\/tr>\n<tr>\n<td>\u6a21\u5177\u5bff\u547d<\/td>\n<td>50k-1000k \u6b21<\/td>\n<\/tr>\n<tr>\n<td>\u8868\u9762\u5904\u7406<\/td>\n<td>\u7eb9\u7406\/\u7802\/MT\/YS\/SPI<\/td>\n<\/tr>\n<tr>\n<td>\u6700\u9ad8\u7cbe\u5ea6<\/td>\n<td>+\/-0.01mm<\/td>\n<\/tr>\n<tr>\n<td>\u6d41\u9053<\/td>\n<td>\u70ed\u6d41\u9053\u548c\u51b7\u6d41\u9053<\/td>\n<\/tr>\n<tr>\n<td>\u8154\u4f53<\/td>\n<td>\u5355\u8154\u6216\u591a\u8154<\/td>\n<\/tr>\n<tr>\n<td>\u8ba4\u8bc1<\/td>\n<td>ISO9001, ISO14001, IATF16949<\/td>\n<\/tr>\n<tr>\n<td>\u989c\u8272<\/td>\n<td>Pantone\/RAL \u8272\u53f7\/\u5b9e\u9645\u6837\u54c1\u989c\u8272<\/td>\n<\/tr>\n<tr>\n<td>\u6a21\u5177\u57fa\u5ea7<\/td>\n<td>LKM HASCO<\/td>\n<\/tr>\n<\/tbody>\n<\/table>\n<\/figure>\n<h6 id=\"gspb_heading-id-gsbp-be6e13b\" class=\"gspb_heading gspb_heading-id-gsbp-be6e13b\">\u4ea4\u8d27\u65f6\u95f4<\/h6>\n<figure class=\"wp-block-table\">\n<table class=\"has-border-color has-cyan-bluish-gray-border-color\">\n<tbody>\n<tr>\n<td>\u6570\u91cf\uff08\u5355\u4f4d\uff09<\/td>\n<td>1 \u2013 1000<\/td>\n<td>1001 \u2013 5000<\/td>\n<td>5001 \u2013 10000<\/td>\n<td>&gt; 10000<\/td>\n<\/tr>\n<tr>\n<td>\u4ea4\u8d27\u65f6\u95f4\uff08\u5929\uff09<\/td>\n<td>15<\/td>\n<td>20<\/td>\n<td>30<\/td>\n<td>\u9700\u8981\u534f\u5546<\/td>\n<\/tr>\n<\/tbody>\n<\/table>\n<\/figure>\n<h6 id=\"gspb_heading-id-gsbp-fd377ee\" class=\"gspb_heading gspb_heading-id-gsbp-fd377ee\">\u5b9a\u5236\u5316<\/h6>\n<figure class=\"wp-block-table\">\n<table class=\"has-border-color has-cyan-bluish-gray-border-color\">\n<tbody>\n<tr>\n<td>\u5b9a\u5236\u5546\u6807<\/td>\n<td>\u5b9a\u5236\u5316\u5305\u88c5<\/td>\n<td>\u56fe\u5f62\u5b9a\u5236<\/td>\n<\/tr>\n<tr>\n<td>\u6700\u5c0f\u8ba2\u5355\u91cf\uff1a1<\/td>\n<td>\u6700\u5c0f\u8ba2\u5355\u91cf\uff1a1<\/td>\n<td>\u6700\u5c0f\u8ba2\u5355\u91cf\uff1a1<\/td>\n<\/tr>\n<\/tbody>\n<\/table><figcaption class=\"wp-element-caption\">\u6709\u5173\u66f4\u591a\u5b9a\u5236\u8be6\u60c5\uff0c\u00a0<a href=\"https:\/\/rilong-mold.com\/zh\/contact-us\/\" target=\"_blank\" rel=\"noreferrer noopener\">\u8054\u7cfb\u6211\u4eec<\/a><\/figcaption><\/figure>","protected":false},"excerpt":{"rendered":"<p>\u2714\ufe0fMolde personalizadoEProdutos de seus projetos, com uma cota\u00e7\u00e3o em 24-48 horas.<br \/>\n\u2714\ufe0f30+ Anos de produ\u00e7\u00e3o de Molde &amp; Moldagem experiente<\/p>\n<p>\u2714\ufe0f FReeAn\u00e1lise de desenho para otimiza\u00e7\u00e3o da estrutura do produto<br \/>\n\u2714\ufe0fLivreAmostragem<br \/>\n\u2714\ufe0fAbrangenteServi\u00e7os a partir deMolde-Moldagem por inje\u00e7\u00e3o\/borracha-Serigrafia de seda-Galvanoplastia etc-Montagem<\/p>\n<p>N\u00f3s podemos fornecer aos nossos clientes &#8220;one-stop service&#8221; solu\u00e7\u00e3o desde o projeto inicial at\u00e9 produtos montados finais com alta qualidade, profissional &amp; financeiro melhores escolhas, entrega no prazo, e excelentes comunica\u00e7\u00f5es.<\/p>","protected":false},"featured_media":1779,"template":"","meta":{"_gspb_post_css":"","kk_blocks_editor_width":"","_kiokenblocks_attr":"","_kiokenblocks_dimensions":""},"product_brand":[],"product_cat":[23],"product_tag":[],"class_list":{"0":"post-1775","1":"product","2":"type-product","3":"status-publish","4":"has-post-thumbnail","6":"product_cat-injection-mold","8":"first","9":"instock","10":"shipping-taxable","11":"purchasable","12":"product-type-simple"},"_links":{"self":[{"href":"https:\/\/rilong-mold.com\/zh\/wp-json\/wp\/v2\/product\/1775","targetHints":{"allow":["GET"]}}],"collection":[{"href":"https:\/\/rilong-mold.com\/zh\/wp-json\/wp\/v2\/product"}],"about":[{"href":"https:\/\/rilong-mold.com\/zh\/wp-json\/wp\/v2\/types\/product"}],"wp:featuredmedia":[{"embeddable":true,"href":"https:\/\/rilong-mold.com\/zh\/wp-json\/wp\/v2\/media\/1779"}],"wp:attachment":[{"href":"https:\/\/rilong-mold.com\/zh\/wp-json\/wp\/v2\/media?parent=1775"}],"wp:term":[{"taxonomy":"product_brand","embeddable":true,"href":"https:\/\/rilong-mold.com\/zh\/wp-json\/wp\/v2\/product_brand?post=1775"},{"taxonomy":"product_cat","embeddable":true,"href":"https:\/\/rilong-mold.com\/zh\/wp-json\/wp\/v2\/product_cat?post=1775"},{"taxonomy":"product_tag","embeddable":true,"href":"https:\/\/rilong-mold.com\/zh\/wp-json\/wp\/v2\/product_tag?post=1775"}],"curies":[{"name":"wp","href":"https:\/\/api.w.org\/{rel}","templated":true}]}}